{"id":1126,"date":"2023-12-05T14:24:18","date_gmt":"2023-12-05T14:24:18","guid":{"rendered":"https:\/\/www.dermaskin.com.ve\/?post_type=product&#038;p=1126"},"modified":"2023-12-06T14:14:01","modified_gmt":"2023-12-06T14:14:01","slug":"sebionex-barra-dermatologica-purificante","status":"publish","type":"product","link":"https:\/\/www.dermaskin.com.ve\/en\/producto\/sebionex-barra-dermatologica-purificante\/","title":{"rendered":"S\u00c9BIONEX BARRA DERMATOL\u00d3GICA PURIFICANTE"},"content":{"rendered":"","protected":false},"excerpt":{"rendered":"<div class=\"subtitle\">Limpiador suave purificante ideal para la piel mixta a grasa<\/div>\n<div><\/div>\n<div class=\"product-information\">\n<div id=\"product-description-42\" class=\"product-description\">\n<p><strong>ESTE LIMPIADOR SUAVE Y PURIFICANTE ELIMINA LAS IMPUREZAS Y EL EXCESO DE SEBO CON SUAVIDAD Y SIN RESECAR, UN VERDADERO PLACER DE USO DIARIO. PARA ROSTRO Y CUERPO.<\/strong><\/p>\n<p>Para un uso diario, la barra dermatol\u00f3gica S\u00e9bionex elimina las impurezas de la piel sin agredir. Gracias a su complejo S\u00e9bo-R\u00e9gul, regula el exceso del sebo, limita la proliferaci\u00f3n de las bacterias y limpia la epidermis. Sin jab\u00f3n, la barra dermatol\u00f3gica respeta el equilibrio natural de la piel y limita la sensaci\u00f3n de tirantez gracias a sus agentes limpiadores. Deja la piel limpia, fresca y purificada.<\/p>\n<p>TIPO DE PIEL Mixta a grasa<br \/>\nTEXTURA Barra<br \/>\nCUANDO Ma\u00f1ana y\/o noche<br \/>\nBENEFICIOS Limpia, purifica, sanea<br \/>\nPRESENTACI\u00d3N 100 g<\/p>\n<\/div>\n<\/div>\n","protected":false},"featured_media":874,"comment_status":"open","ping_status":"closed","template":"","meta":[],"product_cat":[65],"product_tag":[],"_links":{"self":[{"href":"https:\/\/www.dermaskin.com.ve\/en\/wp-json\/wp\/v2\/product\/1126"}],"collection":[{"href":"https:\/\/www.dermaskin.com.ve\/en\/wp-json\/wp\/v2\/product"}],"about":[{"href":"https:\/\/www.dermaskin.com.ve\/en\/wp-json\/wp\/v2\/types\/product"}],"replies":[{"embeddable":true,"href":"https:\/\/www.dermaskin.com.ve\/en\/wp-json\/wp\/v2\/comments?post=1126"}],"wp:featuredmedia":[{"embeddable":true,"href":"https:\/\/www.dermaskin.com.ve\/en\/wp-json\/wp\/v2\/media\/874"}],"wp:attachment":[{"href":"https:\/\/www.dermaskin.com.ve\/en\/wp-json\/wp\/v2\/media?parent=1126"}],"wp:term":[{"taxonomy":"product_cat","embeddable":true,"href":"https:\/\/www.dermaskin.com.ve\/en\/wp-json\/wp\/v2\/product_cat?post=1126"},{"taxonomy":"product_tag","embeddable":true,"href":"https:\/\/www.dermaskin.com.ve\/en\/wp-json\/wp\/v2\/product_tag?post=1126"}],"curies":[{"name":"wp","href":"https:\/\/api.w.org\/{rel}","templated":true}]}}