{"id":1125,"date":"2023-12-05T14:18:03","date_gmt":"2023-12-05T14:18:03","guid":{"rendered":"https:\/\/www.dermaskin.com.ve\/?post_type=product&#038;p=1125"},"modified":"2023-12-06T14:02:28","modified_gmt":"2023-12-06T14:02:28","slug":"duolys-a-serum-retinol","status":"publish","type":"product","link":"https:\/\/www.dermaskin.com.ve\/en\/producto\/duolys-a-serum-retinol\/","title":{"rendered":"DUOLYS.A S\u00c9RUM RETINOL"},"content":{"rendered":"","protected":false},"excerpt":{"rendered":"<div class=\"subtitle\">S\u00c9RUM INTENSIVO ANTIOXIDANTE<\/div>\n<div class=\"product-information\">\n<div id=\"product-description-42\" class=\"product-description\">\n<p><strong>MULTI-ACCI\u00d3N, ESTE S\u00c9RUM CON 10 INGREDIENTES UNICAMENTE Y UNA TEXTURA SUAVE, ACTUA SOBRE TODOS LOS SIGNOS DEL ENVEJECIMIENTO SIN IRRITAR LA PIEL. A PARTIR DE 30 A\u00d1OS.<\/strong><\/p>\n<p>Detener el paso del tiempo gracias al s\u00e9rum antiedad multi-acci\u00f3n Duolys A. Con solo 10 ingredientes, y su combinaci\u00f3n \u00fanica y sin\u00e9rgica de Retinol y de Retinoato de tocoferilo, DUOLYS.A mejora los signos del envejecimiento de la piel de las arrugas, defectos cut\u00e1neos y textura de la piel, sin irritarla y protegi\u00e9ndola de los efectos nocivos del estr\u00e9s oxidativo.<\/p>\n<p>Su gal\u00e9nica excepcional entre aceite y s\u00e9rum que permite una absorci\u00f3n cut\u00e1nea inmediata, sin dejar sensaci\u00f3n pegajosa. Ligera y no pegajosa, su textura excepcional de \u201caceite s\u00e9rum\u201d penetra instant\u00e1neamente en la piel. La rutina antiedad se convierte en un momento de placer.<\/p>\n<p>D\u00eda tras d\u00eda, la piel luce m\u00e1s firme y el cutis m\u00e1s radiante. La textura de la piel se afina. Las arrugas son menos visibles y se reducen las irregularidades cut\u00e1neas.<\/p>\n<p>Con 98% de ingredientes de origen natural<\/p>\n<p>Rostro &#8211; Cuello \u2013 Escote<\/p>\n<\/div>\n<\/div>\n","protected":false},"featured_media":880,"comment_status":"open","ping_status":"closed","template":"","meta":[],"product_cat":[52],"product_tag":[],"_links":{"self":[{"href":"https:\/\/www.dermaskin.com.ve\/en\/wp-json\/wp\/v2\/product\/1125"}],"collection":[{"href":"https:\/\/www.dermaskin.com.ve\/en\/wp-json\/wp\/v2\/product"}],"about":[{"href":"https:\/\/www.dermaskin.com.ve\/en\/wp-json\/wp\/v2\/types\/product"}],"replies":[{"embeddable":true,"href":"https:\/\/www.dermaskin.com.ve\/en\/wp-json\/wp\/v2\/comments?post=1125"}],"wp:featuredmedia":[{"embeddable":true,"href":"https:\/\/www.dermaskin.com.ve\/en\/wp-json\/wp\/v2\/media\/880"}],"wp:attachment":[{"href":"https:\/\/www.dermaskin.com.ve\/en\/wp-json\/wp\/v2\/media?parent=1125"}],"wp:term":[{"taxonomy":"product_cat","embeddable":true,"href":"https:\/\/www.dermaskin.com.ve\/en\/wp-json\/wp\/v2\/product_cat?post=1125"},{"taxonomy":"product_tag","embeddable":true,"href":"https:\/\/www.dermaskin.com.ve\/en\/wp-json\/wp\/v2\/product_tag?post=1125"}],"curies":[{"name":"wp","href":"https:\/\/api.w.org\/{rel}","templated":true}]}}