{"id":1122,"date":"2023-12-05T14:12:41","date_gmt":"2023-12-05T14:12:41","guid":{"rendered":"https:\/\/www.dermaskin.com.ve\/?post_type=product&#038;p=1122"},"modified":"2023-12-06T14:05:10","modified_gmt":"2023-12-06T14:05:10","slug":"medisun-spray-spf-50","status":"publish","type":"product","link":"https:\/\/www.dermaskin.com.ve\/en\/producto\/medisun-spray-spf-50\/","title":{"rendered":"MEDISUN SPRAY SPF 50+"},"content":{"rendered":"","protected":false},"excerpt":{"rendered":"<div class=\"subtitle\">ADULTOS Y NINOS A PARTIR DE 3 ANOS<\/div>\n<div class=\"product-information\">\n<div id=\"product-description-71\" class=\"product-description\">\n<p><strong>ESTE TRATAMIENTO GARANTIZA LA MAXIMA PROTECCION SOLAR DIRIGIDA HACIA TODA LA RADIACION SOLAR, PARA TODA LA FAMILIA*<\/strong><\/p>\n<p>Gracias a su complejo de filtros de alto rendimiento, Medisun Crema SPF 50+ proporciona una protecci\u00f3n muy alta con un amplio espectro (UVA, UVB, Luz Visible, Infrarrojo). Es m\u00e1s pr\u00e1ctico y f\u00e1cil de aplicar sobre todo el cuerpo para una distribuci\u00f3n uniforme y una cobertura \u00f3ptima. Su textura ultra ligera e invisible al aplicar, con un acabado no graso, ofrece para toda la familia* un gran confort al usar.<\/p>\n<p>*Adultos y ninos a partir de 3 anos<\/p>\n<p>TIPO DE PIEL Para todo tipo de piel, incluidas las pieles sensibles al sol o expuestas a una insolacion intensa<br \/>\nTEXTURA Fluido invisible<br \/>\nCUANDO Por lo menos cada 2 h en caso de exposici\u00f3n al sol<br \/>\nBENEFICIOS Muy alta protecci\u00f3n UVA + UVB + Luz visible + IR &#8211; SPF50+<br \/>\nPRESENTACI\u00d3N Spray de 200 ml<\/p>\n<\/div>\n<\/div>\n","protected":false},"featured_media":870,"comment_status":"open","ping_status":"closed","template":"","meta":[],"product_cat":[63],"product_tag":[],"_links":{"self":[{"href":"https:\/\/www.dermaskin.com.ve\/en\/wp-json\/wp\/v2\/product\/1122"}],"collection":[{"href":"https:\/\/www.dermaskin.com.ve\/en\/wp-json\/wp\/v2\/product"}],"about":[{"href":"https:\/\/www.dermaskin.com.ve\/en\/wp-json\/wp\/v2\/types\/product"}],"replies":[{"embeddable":true,"href":"https:\/\/www.dermaskin.com.ve\/en\/wp-json\/wp\/v2\/comments?post=1122"}],"wp:featuredmedia":[{"embeddable":true,"href":"https:\/\/www.dermaskin.com.ve\/en\/wp-json\/wp\/v2\/media\/870"}],"wp:attachment":[{"href":"https:\/\/www.dermaskin.com.ve\/en\/wp-json\/wp\/v2\/media?parent=1122"}],"wp:term":[{"taxonomy":"product_cat","embeddable":true,"href":"https:\/\/www.dermaskin.com.ve\/en\/wp-json\/wp\/v2\/product_cat?post=1122"},{"taxonomy":"product_tag","embeddable":true,"href":"https:\/\/www.dermaskin.com.ve\/en\/wp-json\/wp\/v2\/product_tag?post=1122"}],"curies":[{"name":"wp","href":"https:\/\/api.w.org\/{rel}","templated":true}]}}