{"id":1118,"date":"2023-12-05T14:10:29","date_gmt":"2023-12-05T14:10:29","guid":{"rendered":"https:\/\/www.dermaskin.com.ve\/?post_type=product&#038;p=1118"},"modified":"2023-12-05T21:38:22","modified_gmt":"2023-12-05T21:38:22","slug":"vitix-gel","status":"publish","type":"product","link":"https:\/\/www.dermaskin.com.ve\/en\/producto\/vitix-gel\/","title":{"rendered":"VITIX GEL"},"content":{"rendered":"","protected":false},"excerpt":{"rendered":"<div class=\"subtitle\">GEL REGULADOR DE PIGMENTACI\u00d3N<\/div>\n<div class=\"product-information\">\n<div id=\"product-description-71\" class=\"product-description\">\n<p><strong>Este tratamiento diario para el rostro y el cuerpo es un regulador para pieles que presentan zonas despigmentadas (Vit\u00edligo).<\/strong><\/p>\n<p>Vitix Gel posee un mecanismo de acci\u00f3n totalmente innovador que permite mejorar el equilibrio fisiol\u00f3gico de radicales libres de las c\u00e9lulas de epidermis, gracias a un extracto vegetal de mel\u00f3n patentado, rico en agentes antioxidantes. VITIX es un gel opaco no graso con aspecto ligeramente granuloso. Va recubierto de unas microesferas, que engloban y protegen el activo vegetal. En el momento de la aplicaci\u00f3n, el activo queda liberado en contacto con la piel.<\/p>\n<p>Los estudios* realizados sobre Vitix, demuestran que su aplicaci\u00f3n regular (dos veces al d\u00eda en combinaci\u00f3n con una fototerapia o una helioterapia) puede prevenir la progresi\u00f3n de la despigmentaci\u00f3n, frenar su evoluci\u00f3n y permitir la obtenci\u00f3n, en numerosos casos, de una repigmentaci\u00f3n satisfactoria.<\/p>\n<p>TIPO DE PIEL Con vit\u00edligo<br \/>\nTEXTURA Gel con microesferas<br \/>\nCUANDO 1 a 2 veces\/d\u00eda<br \/>\nBENEFICIOS Favorece la repigmentaci\u00f3n de la piel que presentan zonas despigmentadas<br \/>\nPRESENTACI\u00d3N Tubo de 20ml y 50 ml<\/p>\n<\/div>\n<\/div>\n","protected":false},"featured_media":840,"comment_status":"open","ping_status":"closed","template":"","meta":[],"product_cat":[64],"product_tag":[],"_links":{"self":[{"href":"https:\/\/www.dermaskin.com.ve\/en\/wp-json\/wp\/v2\/product\/1118"}],"collection":[{"href":"https:\/\/www.dermaskin.com.ve\/en\/wp-json\/wp\/v2\/product"}],"about":[{"href":"https:\/\/www.dermaskin.com.ve\/en\/wp-json\/wp\/v2\/types\/product"}],"replies":[{"embeddable":true,"href":"https:\/\/www.dermaskin.com.ve\/en\/wp-json\/wp\/v2\/comments?post=1118"}],"wp:featuredmedia":[{"embeddable":true,"href":"https:\/\/www.dermaskin.com.ve\/en\/wp-json\/wp\/v2\/media\/840"}],"wp:attachment":[{"href":"https:\/\/www.dermaskin.com.ve\/en\/wp-json\/wp\/v2\/media?parent=1118"}],"wp:term":[{"taxonomy":"product_cat","embeddable":true,"href":"https:\/\/www.dermaskin.com.ve\/en\/wp-json\/wp\/v2\/product_cat?post=1118"},{"taxonomy":"product_tag","embeddable":true,"href":"https:\/\/www.dermaskin.com.ve\/en\/wp-json\/wp\/v2\/product_tag?post=1118"}],"curies":[{"name":"wp","href":"https:\/\/api.w.org\/{rel}","templated":true}]}}