{"id":1117,"date":"2023-12-05T14:05:35","date_gmt":"2023-12-05T14:05:35","guid":{"rendered":"https:\/\/www.dermaskin.com.ve\/?post_type=product&#038;p=1117"},"modified":"2023-12-06T14:08:43","modified_gmt":"2023-12-06T14:08:43","slug":"medisun-crema-con-color-spf50","status":"publish","type":"product","link":"https:\/\/www.dermaskin.com.ve\/en\/producto\/medisun-crema-con-color-spf50\/","title":{"rendered":"MEDISUN CREMA CON COLOR SPF50+"},"content":{"rendered":"","protected":false},"excerpt":{"rendered":"<div class=\"subtitle\">CREMA SOLAR CON COLOR &#8211; TONO CLARO<\/div>\n<div class=\"product-information\">\n<div id=\"product-description-71\" class=\"product-description\">\n<p><strong>ESTE TRATAMIENTO OFRECE LA MAXIMA PROTECCION SOLAR DIRIGIDA HACIA TODA LA RADIACION SOLAR<\/strong><\/p>\n<p>Gracias a su complejo de filtros de alto rendimiento, Medisun Crema con color SPF 50+ proporciona una protecci\u00f3n muy alta con un amplio espectro (UVA, UVB, Luz Visible, Infrarrojo) y mejora la hidrataci\u00f3n de la piel. Su textura ligera, no grasa, hidratante y resistente al agua y a la transpiraci\u00f3n garantiza un verdadero placer al usar. Su color claro unifica tu piel consiguiendo un tono naturalmente m\u00e1s radiante.<\/p>\n<p>TIPO DE PIEL Todo tipo de piel, incluida la piel sensible al sol o expuestas a una insolacion intensa<br \/>\nTEXTURA Crema con color &#8211; Tono claro<br \/>\nCUANDO Por lo menos cada 2 h en caso de exposici\u00f3n al sol<br \/>\nBENEFICIOS Muy alta protecci\u00f3n UVA + UVB + Luz visible + IR &#8211; Cubre las imperfecciones, unifica el tono<br \/>\nPRESENTACI\u00d3N Tubo de 40 ml<\/p>\n<\/div>\n<\/div>\n","protected":false},"featured_media":860,"comment_status":"open","ping_status":"closed","template":"","meta":[],"product_cat":[63],"product_tag":[],"_links":{"self":[{"href":"https:\/\/www.dermaskin.com.ve\/en\/wp-json\/wp\/v2\/product\/1117"}],"collection":[{"href":"https:\/\/www.dermaskin.com.ve\/en\/wp-json\/wp\/v2\/product"}],"about":[{"href":"https:\/\/www.dermaskin.com.ve\/en\/wp-json\/wp\/v2\/types\/product"}],"replies":[{"embeddable":true,"href":"https:\/\/www.dermaskin.com.ve\/en\/wp-json\/wp\/v2\/comments?post=1117"}],"wp:featuredmedia":[{"embeddable":true,"href":"https:\/\/www.dermaskin.com.ve\/en\/wp-json\/wp\/v2\/media\/860"}],"wp:attachment":[{"href":"https:\/\/www.dermaskin.com.ve\/en\/wp-json\/wp\/v2\/media?parent=1117"}],"wp:term":[{"taxonomy":"product_cat","embeddable":true,"href":"https:\/\/www.dermaskin.com.ve\/en\/wp-json\/wp\/v2\/product_cat?post=1117"},{"taxonomy":"product_tag","embeddable":true,"href":"https:\/\/www.dermaskin.com.ve\/en\/wp-json\/wp\/v2\/product_tag?post=1117"}],"curies":[{"name":"wp","href":"https:\/\/api.w.org\/{rel}","templated":true}]}}