{"id":1116,"date":"2023-12-05T14:03:19","date_gmt":"2023-12-05T14:03:19","guid":{"rendered":"https:\/\/www.dermaskin.com.ve\/?post_type=product&#038;p=1116"},"modified":"2023-12-06T14:08:20","modified_gmt":"2023-12-06T14:08:20","slug":"medisun-crema-spf-50","status":"publish","type":"product","link":"https:\/\/www.dermaskin.com.ve\/en\/producto\/medisun-crema-spf-50\/","title":{"rendered":"MEDISUN CREMA &#8211; SPF 50+"},"content":{"rendered":"","protected":false},"excerpt":{"rendered":"<div class=\"subtitle\">CREMA SOLAR INVISIBLE<\/div>\n<div class=\"product-information\">\n<div id=\"product-description-71\" class=\"product-description\">\n<p><strong>ESTE TRATAMIENTO OFRECE LA MAXIMA PROTECCION SOLAR DIRIGIDA HACIA TODA LA RADIACION SOLAR<br \/>\n<\/strong><\/p>\n<p>Gracias a su complejo de filtros de alto rendimiento, Medisun Crema SPF 50+ proporciona una protecci\u00f3n muy alta con un amplio espectro (UVA, UVB, Luz Visible, Infrarrojo) y mejora la hidrataci\u00f3n de la piel. Su textura ligera, no grasa, hidratante y resistente al agua y a la transpiraci\u00f3n garantiza un verdadero placer al usar.<\/p>\n<p><strong>TIPO DE PIEL<\/strong> Todo tipo de piel, incluidas las pieles sensibles al sol o expuestas a una insolacion intensa.<br \/>\nTEXTURA Crema invisible<br \/>\nCUANDO Por lo menos cada 2 h en caso de exposici\u00f3n al sol<br \/>\nBENEFICIOS Muy alta protecci\u00f3n UVA + UVB + Luz visible + IR &#8211; SPF50+<br \/>\nPRESENTACI\u00d3N Tubo de 40 ml<\/p>\n<\/div>\n<\/div>\n","protected":false},"featured_media":864,"comment_status":"open","ping_status":"closed","template":"","meta":[],"product_cat":[63],"product_tag":[],"_links":{"self":[{"href":"https:\/\/www.dermaskin.com.ve\/en\/wp-json\/wp\/v2\/product\/1116"}],"collection":[{"href":"https:\/\/www.dermaskin.com.ve\/en\/wp-json\/wp\/v2\/product"}],"about":[{"href":"https:\/\/www.dermaskin.com.ve\/en\/wp-json\/wp\/v2\/types\/product"}],"replies":[{"embeddable":true,"href":"https:\/\/www.dermaskin.com.ve\/en\/wp-json\/wp\/v2\/comments?post=1116"}],"wp:featuredmedia":[{"embeddable":true,"href":"https:\/\/www.dermaskin.com.ve\/en\/wp-json\/wp\/v2\/media\/864"}],"wp:attachment":[{"href":"https:\/\/www.dermaskin.com.ve\/en\/wp-json\/wp\/v2\/media?parent=1116"}],"wp:term":[{"taxonomy":"product_cat","embeddable":true,"href":"https:\/\/www.dermaskin.com.ve\/en\/wp-json\/wp\/v2\/product_cat?post=1116"},{"taxonomy":"product_tag","embeddable":true,"href":"https:\/\/www.dermaskin.com.ve\/en\/wp-json\/wp\/v2\/product_tag?post=1116"}],"curies":[{"name":"wp","href":"https:\/\/api.w.org\/{rel}","templated":true}]}}