{"id":1073,"date":"2023-12-04T20:33:56","date_gmt":"2023-12-04T20:33:56","guid":{"rendered":"https:\/\/www.dermaskin.com.ve\/?post_type=product&#038;p=1073"},"modified":"2023-12-04T20:33:57","modified_gmt":"2023-12-04T20:33:57","slug":"sensitelial-locion-cuidado-calmante","status":"publish","type":"product","link":"https:\/\/www.dermaskin.com.ve\/en\/producto\/sensitelial-locion-cuidado-calmante\/","title":{"rendered":"SENSIT\u00c9LIAL LOCI\u00d3N CUIDADO CALMANTE"},"content":{"rendered":"","protected":false},"excerpt":{"rendered":"<div class=\"subtitle\">HIDRATANTE Y CALMANTE DIARIA<\/div>\n<div class=\"product-information\">\n<div id=\"product-description-21\" class=\"product-description\">\n<p class=\"p1\"><strong>ES UNA CREMA DE D\u00cdA PARA PIELES SENSIBLES, REACTIVOS Y\/O CON ROJECES.<\/strong><\/p>\n<p class=\"p1\">Este tratamiento calmante reduce el enrojecimiento difuso y mejora la microcirculaci\u00f3n de la piel gracias a la vitamina E y la escina. Los aceites vegetales, la glicerina y la cera de abejas hidratan la piel de forma duradera y calman las sensaciones de tirantez. Sus pigmentos verdes aten\u00faan instant\u00e1neamente el enrojecimiento y consiguen un tono m\u00e1s homog\u00e9neo y radiante.<\/p>\n<p class=\"p1\">Las pieles sensibles y reactivas se calman y recuperan su bienestar tras la aplicaci\u00f3n.<\/p>\n<\/div>\n<\/div>\n","protected":false},"featured_media":439,"comment_status":"open","ping_status":"closed","template":"","meta":[],"product_cat":[55],"product_tag":[],"_links":{"self":[{"href":"https:\/\/www.dermaskin.com.ve\/en\/wp-json\/wp\/v2\/product\/1073"}],"collection":[{"href":"https:\/\/www.dermaskin.com.ve\/en\/wp-json\/wp\/v2\/product"}],"about":[{"href":"https:\/\/www.dermaskin.com.ve\/en\/wp-json\/wp\/v2\/types\/product"}],"replies":[{"embeddable":true,"href":"https:\/\/www.dermaskin.com.ve\/en\/wp-json\/wp\/v2\/comments?post=1073"}],"wp:featuredmedia":[{"embeddable":true,"href":"https:\/\/www.dermaskin.com.ve\/en\/wp-json\/wp\/v2\/media\/439"}],"wp:attachment":[{"href":"https:\/\/www.dermaskin.com.ve\/en\/wp-json\/wp\/v2\/media?parent=1073"}],"wp:term":[{"taxonomy":"product_cat","embeddable":true,"href":"https:\/\/www.dermaskin.com.ve\/en\/wp-json\/wp\/v2\/product_cat?post=1073"},{"taxonomy":"product_tag","embeddable":true,"href":"https:\/\/www.dermaskin.com.ve\/en\/wp-json\/wp\/v2\/product_tag?post=1073"}],"curies":[{"name":"wp","href":"https:\/\/api.w.org\/{rel}","templated":true}]}}