{"id":1064,"date":"2023-12-04T20:16:38","date_gmt":"2023-12-04T20:16:38","guid":{"rendered":"https:\/\/www.dermaskin.com.ve\/?post_type=product&#038;p=1064"},"modified":"2023-12-06T13:24:57","modified_gmt":"2023-12-06T13:24:57","slug":"florax","status":"publish","type":"product","link":"https:\/\/www.dermaskin.com.ve\/en\/producto\/florax\/","title":{"rendered":"FLORAX"},"content":{"rendered":"<p><img loading=\"lazy\" decoding=\"async\" class=\"alignnone wp-image-381 size-full\" src=\"https:\/\/www.dermaskin.com.ve\/wp-content\/uploads\/2020\/09\/florax-tabulador.jpg\" alt=\"\" width=\"904\" height=\"478\" srcset=\"https:\/\/www.dermaskin.com.ve\/wp-content\/uploads\/2020\/09\/florax-tabulador.jpg 904w, https:\/\/www.dermaskin.com.ve\/wp-content\/uploads\/2020\/09\/florax-tabulador-600x317.jpg 600w, https:\/\/www.dermaskin.com.ve\/wp-content\/uploads\/2020\/09\/florax-tabulador-64x34.jpg 64w, https:\/\/www.dermaskin.com.ve\/wp-content\/uploads\/2020\/09\/florax-tabulador-300x159.jpg 300w\" sizes=\"(max-width: 904px) 100vw, 904px\" \/><\/p>\n","protected":false},"excerpt":{"rendered":"<div class=\"h1\"><strong>La pr\u00f3xima generaci\u00f3n . ZFill Disfruta de los nuevos filler disponibles ahora.<\/strong><\/div>\n<div><\/div>\n<p><strong>100% biodegradable.<\/strong><br \/>\nLos geles son extremadamente estables debido a un innovador sistema de m\u00faltiples etapas proceso de manufactura. Esto ralentiza el propio cuerpo procesos de degradaci\u00f3n, asegurando un efecto duradero.<br \/>\nUn efecto de rejuvenecimiento es visible inmediatamente despu\u00e9s del tratamiento\u00a0 con \u00e1cido hialur\u00f3nico. ZFill revitaliza la piel envejecida de forma duradera.<br \/>\nCompensa la p\u00e9rdida de \u00e1cido hialur\u00f3nico relacionada con la edad e Hidrata sistem\u00e1ticamente la dermis. Actualizaci\u00f3n de relleno Z\u00b2 Mesoterapia para la regeneraci\u00f3n natural. Z Rellenar contorno Para una apariencia juvenil y labios perfectos. Z Rellenar profundo\u00b2 Gel para arrugas moderadas y profundas.<\/p>\n","protected":false},"featured_media":380,"comment_status":"open","ping_status":"closed","template":"","meta":[],"product_cat":[56],"product_tag":[],"_links":{"self":[{"href":"https:\/\/www.dermaskin.com.ve\/en\/wp-json\/wp\/v2\/product\/1064"}],"collection":[{"href":"https:\/\/www.dermaskin.com.ve\/en\/wp-json\/wp\/v2\/product"}],"about":[{"href":"https:\/\/www.dermaskin.com.ve\/en\/wp-json\/wp\/v2\/types\/product"}],"replies":[{"embeddable":true,"href":"https:\/\/www.dermaskin.com.ve\/en\/wp-json\/wp\/v2\/comments?post=1064"}],"wp:featuredmedia":[{"embeddable":true,"href":"https:\/\/www.dermaskin.com.ve\/en\/wp-json\/wp\/v2\/media\/380"}],"wp:attachment":[{"href":"https:\/\/www.dermaskin.com.ve\/en\/wp-json\/wp\/v2\/media?parent=1064"}],"wp:term":[{"taxonomy":"product_cat","embeddable":true,"href":"https:\/\/www.dermaskin.com.ve\/en\/wp-json\/wp\/v2\/product_cat?post=1064"},{"taxonomy":"product_tag","embeddable":true,"href":"https:\/\/www.dermaskin.com.ve\/en\/wp-json\/wp\/v2\/product_tag?post=1064"}],"curies":[{"name":"wp","href":"https:\/\/api.w.org\/{rel}","templated":true}]}}