{"id":1060,"date":"2023-12-04T20:06:14","date_gmt":"2023-12-04T20:06:14","guid":{"rendered":"https:\/\/www.dermaskin.com.ve\/?post_type=product&#038;p=1060"},"modified":"2023-12-04T20:06:14","modified_gmt":"2023-12-04T20:06:14","slug":"sensitelial-crema-solar-spf-50-fotoprotector-invisible","status":"publish","type":"product","link":"https:\/\/www.dermaskin.com.ve\/en\/producto\/sensitelial-crema-solar-spf-50-fotoprotector-invisible\/","title":{"rendered":"SENSIT\u00c9LIAL CREMA SOLAR &#8211; SPF 50+ FOTOPROTECTOR INVISIBLE"},"content":{"rendered":"","protected":false},"excerpt":{"rendered":"<div class=\"subtitle\">FOTOPROTECTOR INVISIBLE<\/div>\n<div class=\"product-information\">\n<div id=\"product-description-25\" class=\"product-description\">\n<p class=\"p1\"><strong>ES EL TRATAMIENTO FOTOPROTECTOR, INCOLORO E INVISIBLE, PARA PIELES DELICADAS O SENSIBLES AL SOL, O PARA PIELES SOMETIDAS A CONDICIONES EXTREMAS DE SOL.<\/strong><\/p>\n<p class=\"p1\">Este tratamiento garantiza una protecci\u00f3n optima contra los rayos UVA \/UVB gracias a su exclusiva combinaci\u00f3n de filtros solares org\u00e1nicos y filtros minerales para proteger del sol a las pieles m\u00e1s sensibles, incluso en condiciones extremas de exposici\u00f3n.<\/p>\n<p class=\"p1\">Es una crema invisible, fotostable y resistente al agua, adem\u00e1s, se absorbe r\u00e1pidamente.<\/p>\n<\/div>\n<\/div>\n","protected":false},"featured_media":431,"comment_status":"open","ping_status":"closed","template":"","meta":[],"product_cat":[55],"product_tag":[],"_links":{"self":[{"href":"https:\/\/www.dermaskin.com.ve\/en\/wp-json\/wp\/v2\/product\/1060"}],"collection":[{"href":"https:\/\/www.dermaskin.com.ve\/en\/wp-json\/wp\/v2\/product"}],"about":[{"href":"https:\/\/www.dermaskin.com.ve\/en\/wp-json\/wp\/v2\/types\/product"}],"replies":[{"embeddable":true,"href":"https:\/\/www.dermaskin.com.ve\/en\/wp-json\/wp\/v2\/comments?post=1060"}],"wp:featuredmedia":[{"embeddable":true,"href":"https:\/\/www.dermaskin.com.ve\/en\/wp-json\/wp\/v2\/media\/431"}],"wp:attachment":[{"href":"https:\/\/www.dermaskin.com.ve\/en\/wp-json\/wp\/v2\/media?parent=1060"}],"wp:term":[{"taxonomy":"product_cat","embeddable":true,"href":"https:\/\/www.dermaskin.com.ve\/en\/wp-json\/wp\/v2\/product_cat?post=1060"},{"taxonomy":"product_tag","embeddable":true,"href":"https:\/\/www.dermaskin.com.ve\/en\/wp-json\/wp\/v2\/product_tag?post=1060"}],"curies":[{"name":"wp","href":"https:\/\/api.w.org\/{rel}","templated":true}]}}