{"id":1024,"date":"2023-12-04T19:20:56","date_gmt":"2023-12-04T19:20:56","guid":{"rendered":"https:\/\/www.dermaskin.com.ve\/?post_type=product&#038;p=1024"},"modified":"2023-12-04T19:20:56","modified_gmt":"2023-12-04T19:20:56","slug":"vitix-viticolor","status":"publish","type":"product","link":"https:\/\/www.dermaskin.com.ve\/en\/producto\/vitix-viticolor\/","title":{"rendered":"VITIX VITICOLOR"},"content":{"rendered":"","protected":false},"excerpt":{"rendered":"<p>CORRIGIR LAS MANCHAS BLANCAS<\/p>\n<p><strong>gracias a productos eficaces.<\/strong><\/p>\n<p>Nuestra gama espec\u00edfica ofrece una combinaci\u00f3n de soluciones biocompatibles, que mejoran realmente la calidad de vida de las personas que tienen esta afecci\u00f3n benigna, pero que se lleva mal en el d\u00eda a d\u00eda.<\/p>\n","protected":false},"featured_media":115,"comment_status":"open","ping_status":"closed","template":"","meta":[],"product_cat":[56],"product_tag":[],"_links":{"self":[{"href":"https:\/\/www.dermaskin.com.ve\/en\/wp-json\/wp\/v2\/product\/1024"}],"collection":[{"href":"https:\/\/www.dermaskin.com.ve\/en\/wp-json\/wp\/v2\/product"}],"about":[{"href":"https:\/\/www.dermaskin.com.ve\/en\/wp-json\/wp\/v2\/types\/product"}],"replies":[{"embeddable":true,"href":"https:\/\/www.dermaskin.com.ve\/en\/wp-json\/wp\/v2\/comments?post=1024"}],"wp:featuredmedia":[{"embeddable":true,"href":"https:\/\/www.dermaskin.com.ve\/en\/wp-json\/wp\/v2\/media\/115"}],"wp:attachment":[{"href":"https:\/\/www.dermaskin.com.ve\/en\/wp-json\/wp\/v2\/media?parent=1024"}],"wp:term":[{"taxonomy":"product_cat","embeddable":true,"href":"https:\/\/www.dermaskin.com.ve\/en\/wp-json\/wp\/v2\/product_cat?post=1024"},{"taxonomy":"product_tag","embeddable":true,"href":"https:\/\/www.dermaskin.com.ve\/en\/wp-json\/wp\/v2\/product_tag?post=1024"}],"curies":[{"name":"wp","href":"https:\/\/api.w.org\/{rel}","templated":true}]}}